{"id":472,"date":"2019-02-25T12:37:08","date_gmt":"2019-02-25T12:37:08","guid":{"rendered":"https:\/\/websitedemos.net\/alex32\/?page_id=7"},"modified":"2020-07-09T22:01:16","modified_gmt":"2020-07-09T22:01:16","slug":"about","status":"publish","type":"page","link":"https:\/\/crgtacografo.com.br\/?page_id=472","title":{"rendered":"About\/Sobre"},"content":{"rendered":"\t\t<div data-elementor-type=\"wp-post\" data-elementor-id=\"472\" class=\"elementor elementor-472\" data-elementor-settings=\"[]\">\n\t\t\t\t\t\t<div class=\"elementor-inner\">\n\t\t\t\t\t\t\t<div class=\"elementor-section-wrap\">\n\t\t\t\t\t\t\t<section class=\"elementor-section elementor-top-section elementor-element elementor-element-ba18039 elementor-section-content-bottom elementor-section-boxed elementor-section-height-default elementor-section-height-default\" data-id=\"ba18039\" data-element_type=\"section\" data-settings=\"{&quot;background_background&quot;:&quot;classic&quot;}\">\n\t\t\t\t\t\t\t<div class=\"elementor-background-overlay\"><\/div>\n\t\t\t\t\t\t\t<div class=\"elementor-container elementor-column-gap-no\">\n\t\t\t\t\t\t\t<div class=\"elementor-row\">\n\t\t\t\t\t<div class=\"elementor-column elementor-col-100 elementor-top-column elementor-element elementor-element-f4fe14c\" data-id=\"f4fe14c\" data-element_type=\"column\">\n\t\t\t<div class=\"elementor-column-wrap elementor-element-populated\">\n\t\t\t\t\t\t\t<div class=\"elementor-widget-wrap\">\n\t\t\t\t\t\t<div class=\"elementor-element elementor-element-08960a8 elementor-widget elementor-widget-heading\" data-id=\"08960a8\" data-element_type=\"widget\" data-widget_type=\"heading.default\">\n\t\t\t\t<div class=\"elementor-widget-container\">\n\t\t\t<h1 class=\"elementor-heading-title elementor-size-default\">Sobre<\/h1>\t\t<\/div>\n\t\t\t\t<\/div>\n\t\t\t\t\t\t<\/div>\n\t\t\t\t\t<\/div>\n\t\t<\/div>\n\t\t\t\t\t\t\t\t<\/div>\n\t\t\t\t\t<\/div>\n\t\t<\/section>\n\t\t\t\t<section class=\"elementor-section elementor-top-section elementor-element elementor-element-25205b2 elementor-section-boxed elementor-section-height-default elementor-section-height-default\" data-id=\"25205b2\" data-element_type=\"section\">\n\t\t\t\t\t\t<div class=\"elementor-container elementor-column-gap-no\">\n\t\t\t\t\t\t\t<div class=\"elementor-row\">\n\t\t\t\t\t<div class=\"elementor-column elementor-col-50 elementor-top-column elementor-element elementor-element-c2f159c\" data-id=\"c2f159c\" data-element_type=\"column\">\n\t\t\t<div class=\"elementor-column-wrap elementor-element-populated\">\n\t\t\t\t\t\t\t<div class=\"elementor-widget-wrap\">\n\t\t\t\t\t\t<div class=\"elementor-element elementor-element-fc4c6d4 elementor-widget elementor-widget-heading\" data-id=\"fc4c6d4\" data-element_type=\"widget\" data-widget_type=\"heading.default\">\n\t\t\t\t<div class=\"elementor-widget-container\">\n\t\t\t<h6 class=\"elementor-heading-title elementor-size-default\">Breve Hist\u00f3ria<\/h6>\t\t<\/div>\n\t\t\t\t<\/div>\n\t\t\t\t<div class=\"elementor-element elementor-element-508f649 elementor-widget elementor-widget-heading\" data-id=\"508f649\" data-element_type=\"widget\" data-widget_type=\"heading.default\">\n\t\t\t\t<div class=\"elementor-widget-container\">\n\t\t\t<h2 class=\"elementor-heading-title elementor-size-default\">Sobre a crg Tac\u00f3grafo<\/h2>\t\t<\/div>\n\t\t\t\t<\/div>\n\t\t\t\t<div class=\"elementor-element elementor-element-0fa97ad elementor-widget elementor-widget-text-editor\" data-id=\"0fa97ad\" data-element_type=\"widget\" data-widget_type=\"text-editor.default\">\n\t\t\t\t<div class=\"elementor-widget-container\">\n\t\t\t\t\t<div class=\"elementor-text-editor elementor-clearfix\"><p>A empresa foi fundada por Cl\u00e1udio Rocha e sua esposa em julho de 1997 em Satuba\/AL. Nesse in\u00edcio o empres\u00e1rio trabalhava sozinho fazendo a manuten\u00e7\u00e3o de tac\u00f3grafos (cronotac\u00f3grafos).<\/p><p>Estudando o potencial do mercado e percebendo a car\u00eancia da \u00e1rea no Estado de Alagoas, mudou a empresa para a capital Macei\u00f3, contratou o primeiro funcion\u00e1rio ampliando assim a oferta dos servi\u00e7os prestados.<\/p><p>Conforme crescia a empresa, foi tamb\u00e9m agregada a esta, a comercializa\u00e7\u00e3o de acess\u00f3rios para caminh\u00f5es.<\/p><\/div>\n\t\t\t\t<\/div>\n\t\t\t\t<\/div>\n\t\t\t\t\t\t<\/div>\n\t\t\t\t\t<\/div>\n\t\t<\/div>\n\t\t\t\t<div class=\"elementor-column elementor-col-50 elementor-top-column elementor-element elementor-element-270df6b\" data-id=\"270df6b\" data-element_type=\"column\">\n\t\t\t<div class=\"elementor-column-wrap elementor-element-populated\">\n\t\t\t\t\t\t\t<div class=\"elementor-widget-wrap\">\n\t\t\t\t\t\t<div class=\"elementor-element elementor-element-2ca4402 elementor-widget elementor-widget-text-editor\" data-id=\"2ca4402\" data-element_type=\"widget\" data-widget_type=\"text-editor.default\">\n\t\t\t\t<div class=\"elementor-widget-container\">\n\t\t\t\t\t<div class=\"elementor-text-editor elementor-clearfix\"><p>Atualmente a empresa atua no ramo de vendas, instala\u00e7\u00e3o e manuten\u00e7\u00e3o de tac\u00f3grafos (anal\u00f3gicos e digitais), discos, fitas, cabos de veloc\u00edmetro e climatizadores.\u00a0<\/p><p>A CRG Tac\u00f3grafo \u00e9 um posto credenciado Inmetro para selagem e ensaio metrol\u00f3gico nos ve\u00edculos dos devidos segmentos.\u00a0<\/p><\/div>\n\t\t\t\t<\/div>\n\t\t\t\t<\/div>\n\t\t\t\t<div class=\"elementor-element elementor-element-56bfa64 elementor-widget elementor-widget-text-editor\" data-id=\"56bfa64\" data-element_type=\"widget\" data-widget_type=\"text-editor.default\">\n\t\t\t\t<div class=\"elementor-widget-container\">\n\t\t\t\t\t<div class=\"elementor-text-editor elementor-clearfix\"><p>A empresa \u00e9 dedicada \u00e0s atualiza\u00e7\u00f5es de mercado e ao melhor atendimento aos seus clientes.<\/p><\/div>\n\t\t\t\t<\/div>\n\t\t\t\t<\/div>\n\t\t\t\t\t\t<\/div>\n\t\t\t\t\t<\/div>\n\t\t<\/div>\n\t\t\t\t\t\t\t\t<\/div>\n\t\t\t\t\t<\/div>\n\t\t<\/section>\n\t\t\t\t<header class=\"elementor-section elementor-top-section elementor-element elementor-element-8f619f5 elementor-section-boxed elementor-section-height-default elementor-section-height-default\" data-id=\"8f619f5\" data-element_type=\"section\">\n\t\t\t\t\t\t<div class=\"elementor-container elementor-column-gap-no\">\n\t\t\t\t\t\t\t<div class=\"elementor-row\">\n\t\t\t\t\t<div class=\"elementor-column elementor-col-100 elementor-top-column elementor-element elementor-element-0ef718c\" data-id=\"0ef718c\" data-element_type=\"column\" data-settings=\"{&quot;background_background&quot;:&quot;classic&quot;}\">\n\t\t\t<div class=\"elementor-column-wrap elementor-element-populated\">\n\t\t\t\t\t\t\t<div class=\"elementor-widget-wrap\">\n\t\t\t\t\t\t<div class=\"elementor-element elementor-element-8618f5c elementor-widget elementor-widget-spacer\" data-id=\"8618f5c\" data-element_type=\"widget\" data-widget_type=\"spacer.default\">\n\t\t\t\t<div class=\"elementor-widget-container\">\n\t\t\t\t\t<div class=\"elementor-spacer\">\n\t\t\t<div class=\"elementor-spacer-inner\"><\/div>\n\t\t<\/div>\n\t\t\t\t<\/div>\n\t\t\t\t<\/div>\n\t\t\t\t\t\t<\/div>\n\t\t\t\t\t<\/div>\n\t\t<\/div>\n\t\t\t\t\t\t\t\t<\/div>\n\t\t\t\t\t<\/div>\n\t\t<\/header>\n\t\t\t\t\t\t<\/div>\n\t\t\t\t\t\t<\/div>\n\t\t\t\t\t<\/div>\n\t\t","protected":false},"excerpt":{"rendered":"<p>Sobre Breve Hist\u00f3ria Sobre a crg Tac\u00f3grafo A empresa foi fundada por Cl\u00e1udio Rocha e sua esposa em julho de 1997 em Satuba\/AL. Nesse in\u00edcio o empres\u00e1rio trabalhava sozinho fazendo a manuten\u00e7\u00e3o de tac\u00f3grafos (cronotac\u00f3grafos). Estudando o potencial do mercado e percebendo a car\u00eancia da \u00e1rea no Estado de Alagoas, mudou a empresa para a &hellip;<\/p>\n<p class=\"read-more\"> <a class=\"\" href=\"https:\/\/crgtacografo.com.br\/?page_id=472\"> <span class=\"screen-reader-text\">About\/Sobre<\/span> Leia mais &raquo;<\/a><\/p>\n","protected":false},"author":1,"featured_media":0,"parent":0,"menu_order":0,"comment_status":"closed","ping_status":"closed","template":"","meta":[],"_links":{"self":[{"href":"https:\/\/crgtacografo.com.br\/index.php?rest_route=\/wp\/v2\/pages\/472"}],"collection":[{"href":"https:\/\/crgtacografo.com.br\/index.php?rest_route=\/wp\/v2\/pages"}],"about":[{"href":"https:\/\/crgtacografo.com.br\/index.php?rest_route=\/wp\/v2\/types\/page"}],"author":[{"embeddable":true,"href":"https:\/\/crgtacografo.com.br\/index.php?rest_route=\/wp\/v2\/users\/1"}],"replies":[{"embeddable":true,"href":"https:\/\/crgtacografo.com.br\/index.php?rest_route=%2Fwp%2Fv2%2Fcomments&post=472"}],"version-history":[{"count":13,"href":"https:\/\/crgtacografo.com.br\/index.php?rest_route=\/wp\/v2\/pages\/472\/revisions"}],"predecessor-version":[{"id":684,"href":"https:\/\/crgtacografo.com.br\/index.php?rest_route=\/wp\/v2\/pages\/472\/revisions\/684"}],"wp:attachment":[{"href":"https:\/\/crgtacografo.com.br\/index.php?rest_route=%2Fwp%2Fv2%2Fmedia&parent=472"}],"curies":[{"name":"wp","href":"https:\/\/api.w.org\/{rel}","templated":true}]}}